{"id":8566,"date":"2025-07-02T23:49:42","date_gmt":"2025-07-02T20:49:42","guid":{"rendered":"https:\/\/favortecoffee.com\/?post_type=product&#038;p=8566"},"modified":"2025-07-02T23:53:05","modified_gmt":"2025-07-02T20:53:05","slug":"hat-cake","status":"publish","type":"product","link":"https:\/\/favortecoffee.com\/bayi\/urun\/hat-cake\/","title":{"rendered":"HAT CAKE"},"content":{"rendered":"","protected":false},"excerpt":{"rendered":"<h4 style=\"color: #2c3f31;\">\u20ba 375<\/h4>\n<p><strong>Malzemeler;<\/strong><br \/>\nAntep f\u0131st\u0131kl\u0131 kek,<br \/>\nvi\u015fneli mus,<br \/>\nvi\u015fneli komposto,<br \/>\nAntep f\u0131st\u0131\u011f\u0131 par\u00e7ac\u0131kl\u0131 ve krep k\u0131r\u0131nt\u0131l\u0131 k\u0131t\u0131r katman,<br \/>\nyo\u011furt, mus<\/p>\n","protected":false},"featured_media":8618,"comment_status":"open","ping_status":"closed","template":"","meta":[],"product_brand":[],"product_cat":[99],"product_tag":[],"class_list":{"0":"post-8566","1":"product","2":"type-product","3":"status-publish","4":"has-post-thumbnail","6":"product_cat-favorte-special-pasta","8":"first","9":"instock","10":"shipping-taxable","11":"product-type-simple"},"_links":{"self":[{"href":"https:\/\/favortecoffee.com\/bayi\/wp-json\/wp\/v2\/product\/8566","targetHints":{"allow":["GET"]}}],"collection":[{"href":"https:\/\/favortecoffee.com\/bayi\/wp-json\/wp\/v2\/product"}],"about":[{"href":"https:\/\/favortecoffee.com\/bayi\/wp-json\/wp\/v2\/types\/product"}],"replies":[{"embeddable":true,"href":"https:\/\/favortecoffee.com\/bayi\/wp-json\/wp\/v2\/comments?post=8566"}],"wp:featuredmedia":[{"embeddable":true,"href":"https:\/\/favortecoffee.com\/bayi\/wp-json\/wp\/v2\/media\/8618"}],"wp:attachment":[{"href":"https:\/\/favortecoffee.com\/bayi\/wp-json\/wp\/v2\/media?parent=8566"}],"wp:term":[{"taxonomy":"product_brand","embeddable":true,"href":"https:\/\/favortecoffee.com\/bayi\/wp-json\/wp\/v2\/product_brand?post=8566"},{"taxonomy":"product_cat","embeddable":true,"href":"https:\/\/favortecoffee.com\/bayi\/wp-json\/wp\/v2\/product_cat?post=8566"},{"taxonomy":"product_tag","embeddable":true,"href":"https:\/\/favortecoffee.com\/bayi\/wp-json\/wp\/v2\/product_tag?post=8566"}],"curies":[{"name":"wp","href":"https:\/\/api.w.org\/{rel}","templated":true}]}}