{"id":8533,"date":"2025-07-02T23:47:24","date_gmt":"2025-07-02T20:47:24","guid":{"rendered":"https:\/\/favortecoffee.com\/?post_type=product&#038;p=8533"},"modified":"2025-07-24T12:27:47","modified_gmt":"2025-07-24T09:27:47","slug":"lemonade","status":"publish","type":"product","link":"https:\/\/favortecoffee.com\/bayi\/urun\/lemonade\/","title":{"rendered":"LEMONADE"},"content":{"rendered":"","protected":false},"excerpt":{"rendered":"<table>\n<tbody>\n<tr>\n<td>\n<h4 style=\"color: #2c3f31;\">YEN\u0130 8 OZ<\/h4>\n<\/td>\n<td>\n<h4 style=\"color: #2c3f31;\">YEN\u0130 12\/14 OZ<\/h4>\n<\/td>\n<\/tr>\n<tr>\n<td>\n<h4 style=\"color: #2c3f31;\">\u20ba 125<\/h4>\n<\/td>\n<td>\n<h4 style=\"color: #2c3f31;\">\u20ba 145<\/h4>\n<\/td>\n<\/tr>\n<\/tbody>\n<\/table>\n<p>Haz\u0131rlan\u0131\u015f\u0131; 1 lt limonatay\u0131 \u00e7\u00f6z\u00fcld\u00fckten sonra makine haznesine dolduruyoruz daha sonras\u0131nda 4 litre su ekleyip makinam\u0131z\u0131 \u00e7al\u0131\u015ft\u0131r\u0131yoruz. Bardakta 5 par\u00e7a buz ile servis ediyoruz.<\/p>\n","protected":false},"featured_media":8827,"comment_status":"open","ping_status":"closed","template":"","meta":[],"product_brand":[],"product_cat":[95],"product_tag":[],"class_list":{"0":"post-8533","1":"product","2":"type-product","3":"status-publish","4":"has-post-thumbnail","6":"product_cat-favorte-fresh","8":"first","9":"instock","10":"shipping-taxable","11":"product-type-simple"},"_links":{"self":[{"href":"https:\/\/favortecoffee.com\/bayi\/wp-json\/wp\/v2\/product\/8533","targetHints":{"allow":["GET"]}}],"collection":[{"href":"https:\/\/favortecoffee.com\/bayi\/wp-json\/wp\/v2\/product"}],"about":[{"href":"https:\/\/favortecoffee.com\/bayi\/wp-json\/wp\/v2\/types\/product"}],"replies":[{"embeddable":true,"href":"https:\/\/favortecoffee.com\/bayi\/wp-json\/wp\/v2\/comments?post=8533"}],"wp:featuredmedia":[{"embeddable":true,"href":"https:\/\/favortecoffee.com\/bayi\/wp-json\/wp\/v2\/media\/8827"}],"wp:attachment":[{"href":"https:\/\/favortecoffee.com\/bayi\/wp-json\/wp\/v2\/media?parent=8533"}],"wp:term":[{"taxonomy":"product_brand","embeddable":true,"href":"https:\/\/favortecoffee.com\/bayi\/wp-json\/wp\/v2\/product_brand?post=8533"},{"taxonomy":"product_cat","embeddable":true,"href":"https:\/\/favortecoffee.com\/bayi\/wp-json\/wp\/v2\/product_cat?post=8533"},{"taxonomy":"product_tag","embeddable":true,"href":"https:\/\/favortecoffee.com\/bayi\/wp-json\/wp\/v2\/product_tag?post=8533"}],"curies":[{"name":"wp","href":"https:\/\/api.w.org\/{rel}","templated":true}]}}