{"id":8517,"date":"2025-07-02T23:46:56","date_gmt":"2025-07-02T20:46:56","guid":{"rendered":"https:\/\/favortecoffee.com\/?post_type=product&#038;p=8517"},"modified":"2025-07-24T12:10:40","modified_gmt":"2025-07-24T09:10:40","slug":"filtre-kahve","status":"publish","type":"product","link":"https:\/\/favortecoffee.com\/bayi\/urun\/filtre-kahve\/","title":{"rendered":"F\u0130LTRE KAHVE"},"content":{"rendered":"","protected":false},"excerpt":{"rendered":"<table>\n<tbody>\n<tr>\n<td>\n<h4 style=\"color: #2c3f31;\">YEN\u0130 8 OZ<\/h4>\n<\/td>\n<td>\n<h4 style=\"color: #2c3f31;\">YEN\u0130 12\/14 OZ<\/h4>\n<\/td>\n<\/tr>\n<tr>\n<td>\n<h4 style=\"color: #2c3f31;\">\u20ba 95<\/h4>\n<\/td>\n<td>\n<h4 style=\"color: #2c3f31;\">\u20ba 115<\/h4>\n<\/td>\n<\/tr>\n<\/tbody>\n<\/table>\n<p><strong>Malzemeler;<\/strong><br \/>\n50 gr \u00f6\u011f\u00fct\u00fclm\u00fc\u015f kahve<br \/>\n1000 ml su<\/p>\n","protected":false},"featured_media":8819,"comment_status":"open","ping_status":"closed","template":"","meta":[],"product_brand":[],"product_cat":[92],"product_tag":[],"class_list":{"0":"post-8517","1":"product","2":"type-product","3":"status-publish","4":"has-post-thumbnail","6":"product_cat-demleme-kahveler","8":"first","9":"instock","10":"shipping-taxable","11":"product-type-simple"},"_links":{"self":[{"href":"https:\/\/favortecoffee.com\/bayi\/wp-json\/wp\/v2\/product\/8517","targetHints":{"allow":["GET"]}}],"collection":[{"href":"https:\/\/favortecoffee.com\/bayi\/wp-json\/wp\/v2\/product"}],"about":[{"href":"https:\/\/favortecoffee.com\/bayi\/wp-json\/wp\/v2\/types\/product"}],"replies":[{"embeddable":true,"href":"https:\/\/favortecoffee.com\/bayi\/wp-json\/wp\/v2\/comments?post=8517"}],"wp:featuredmedia":[{"embeddable":true,"href":"https:\/\/favortecoffee.com\/bayi\/wp-json\/wp\/v2\/media\/8819"}],"wp:attachment":[{"href":"https:\/\/favortecoffee.com\/bayi\/wp-json\/wp\/v2\/media?parent=8517"}],"wp:term":[{"taxonomy":"product_brand","embeddable":true,"href":"https:\/\/favortecoffee.com\/bayi\/wp-json\/wp\/v2\/product_brand?post=8517"},{"taxonomy":"product_cat","embeddable":true,"href":"https:\/\/favortecoffee.com\/bayi\/wp-json\/wp\/v2\/product_cat?post=8517"},{"taxonomy":"product_tag","embeddable":true,"href":"https:\/\/favortecoffee.com\/bayi\/wp-json\/wp\/v2\/product_tag?post=8517"}],"curies":[{"name":"wp","href":"https:\/\/api.w.org\/{rel}","templated":true}]}}