{"id":7736,"date":"2023-10-12T08:46:17","date_gmt":"2023-10-12T05:46:17","guid":{"rendered":"https:\/\/favortecoffee.com\/?post_type=product&#038;p=7736"},"modified":"2025-08-20T14:59:00","modified_gmt":"2025-08-20T11:59:00","slug":"turk-kahvesi","status":"publish","type":"product","link":"https:\/\/favortecoffee.com\/bayi\/urun\/turk-kahvesi\/","title":{"rendered":"T\u00fcrk Kahvesi"},"content":{"rendered":"","protected":false},"excerpt":{"rendered":"<p>Ta\u015f De\u011firmende \u00d6zel Olarak \u00d6\u011f\u00fct\u00fclm\u00fc\u015ft\u00fcr.<\/p>\n<p>%100 Arabica<\/p>\n<p>Yumu\u015fak \u0130\u00e7im<\/p>\n<p><strong>\u00d6l\u00e7\u00fc : 1kg<\/strong><\/p>\n","protected":false},"featured_media":8790,"comment_status":"open","ping_status":"closed","template":"","meta":[],"product_brand":[],"product_cat":[82,81],"product_tag":[],"class_list":{"0":"post-7736","1":"product","2":"type-product","3":"status-publish","4":"has-post-thumbnail","6":"product_cat-geleneksel-kahveler","7":"product_cat-cekirdek-kahve","9":"first","10":"instock","11":"shipping-taxable","12":"purchasable","13":"product-type-simple"},"_links":{"self":[{"href":"https:\/\/favortecoffee.com\/bayi\/wp-json\/wp\/v2\/product\/7736","targetHints":{"allow":["GET"]}}],"collection":[{"href":"https:\/\/favortecoffee.com\/bayi\/wp-json\/wp\/v2\/product"}],"about":[{"href":"https:\/\/favortecoffee.com\/bayi\/wp-json\/wp\/v2\/types\/product"}],"replies":[{"embeddable":true,"href":"https:\/\/favortecoffee.com\/bayi\/wp-json\/wp\/v2\/comments?post=7736"}],"wp:featuredmedia":[{"embeddable":true,"href":"https:\/\/favortecoffee.com\/bayi\/wp-json\/wp\/v2\/media\/8790"}],"wp:attachment":[{"href":"https:\/\/favortecoffee.com\/bayi\/wp-json\/wp\/v2\/media?parent=7736"}],"wp:term":[{"taxonomy":"product_brand","embeddable":true,"href":"https:\/\/favortecoffee.com\/bayi\/wp-json\/wp\/v2\/product_brand?post=7736"},{"taxonomy":"product_cat","embeddable":true,"href":"https:\/\/favortecoffee.com\/bayi\/wp-json\/wp\/v2\/product_cat?post=7736"},{"taxonomy":"product_tag","embeddable":true,"href":"https:\/\/favortecoffee.com\/bayi\/wp-json\/wp\/v2\/product_tag?post=7736"}],"curies":[{"name":"wp","href":"https:\/\/api.w.org\/{rel}","templated":true}]}}