{"id":7054,"date":"2023-02-09T09:12:59","date_gmt":"2023-02-09T06:12:59","guid":{"rendered":"https:\/\/favortecoffee.com\/?post_type=product&#038;p=7054"},"modified":"2025-07-09T08:54:33","modified_gmt":"2025-07-09T05:54:33","slug":"favorte-gold","status":"publish","type":"product","link":"https:\/\/favortecoffee.com\/bayi\/urun\/favorte-gold\/","title":{"rendered":"FAVORTE Gold"},"content":{"rendered":"","protected":false},"excerpt":{"rendered":"<p>Zengin ve E\u015fsiz Kahve Tad\u0131<\/p>\n<p>Do\u011fal %100 \u00c7\u00f6z\u00fcnebilir Kahve<\/p>\n","protected":false},"featured_media":8794,"comment_status":"open","ping_status":"closed","template":"","meta":[],"product_brand":[],"product_cat":[82,81],"product_tag":[],"class_list":{"0":"post-7054","1":"product","2":"type-product","3":"status-publish","4":"has-post-thumbnail","6":"product_cat-geleneksel-kahveler","7":"product_cat-cekirdek-kahve","9":"first","10":"instock","11":"shipping-taxable","12":"purchasable","13":"product-type-variable"},"_links":{"self":[{"href":"https:\/\/favortecoffee.com\/bayi\/wp-json\/wp\/v2\/product\/7054","targetHints":{"allow":["GET"]}}],"collection":[{"href":"https:\/\/favortecoffee.com\/bayi\/wp-json\/wp\/v2\/product"}],"about":[{"href":"https:\/\/favortecoffee.com\/bayi\/wp-json\/wp\/v2\/types\/product"}],"replies":[{"embeddable":true,"href":"https:\/\/favortecoffee.com\/bayi\/wp-json\/wp\/v2\/comments?post=7054"}],"wp:featuredmedia":[{"embeddable":true,"href":"https:\/\/favortecoffee.com\/bayi\/wp-json\/wp\/v2\/media\/8794"}],"wp:attachment":[{"href":"https:\/\/favortecoffee.com\/bayi\/wp-json\/wp\/v2\/media?parent=7054"}],"wp:term":[{"taxonomy":"product_brand","embeddable":true,"href":"https:\/\/favortecoffee.com\/bayi\/wp-json\/wp\/v2\/product_brand?post=7054"},{"taxonomy":"product_cat","embeddable":true,"href":"https:\/\/favortecoffee.com\/bayi\/wp-json\/wp\/v2\/product_cat?post=7054"},{"taxonomy":"product_tag","embeddable":true,"href":"https:\/\/favortecoffee.com\/bayi\/wp-json\/wp\/v2\/product_tag?post=7054"}],"curies":[{"name":"wp","href":"https:\/\/api.w.org\/{rel}","templated":true}]}}