{"id":7050,"date":"2023-02-09T09:08:20","date_gmt":"2023-02-09T06:08:20","guid":{"rendered":"https:\/\/favortecoffee.com\/?post_type=product&#038;p=7050"},"modified":"2025-08-20T15:15:10","modified_gmt":"2025-08-20T12:15:10","slug":"dibek-kahvesi","status":"publish","type":"product","link":"https:\/\/favortecoffee.com\/bayi\/urun\/dibek-kahvesi\/","title":{"rendered":"D\u0130BEK Kahvesi"},"content":{"rendered":"","protected":false},"excerpt":{"rendered":"<p><strong>\u00d6l\u00e7\u00fc: 1 kg<\/strong><\/p>\n","protected":false},"featured_media":8791,"comment_status":"open","ping_status":"closed","template":"","meta":[],"product_brand":[],"product_cat":[82,81],"product_tag":[],"class_list":{"0":"post-7050","1":"product","2":"type-product","3":"status-publish","4":"has-post-thumbnail","6":"product_cat-geleneksel-kahveler","7":"product_cat-cekirdek-kahve","9":"first","10":"instock","11":"shipping-taxable","12":"purchasable","13":"product-type-simple"},"_links":{"self":[{"href":"https:\/\/favortecoffee.com\/bayi\/wp-json\/wp\/v2\/product\/7050","targetHints":{"allow":["GET"]}}],"collection":[{"href":"https:\/\/favortecoffee.com\/bayi\/wp-json\/wp\/v2\/product"}],"about":[{"href":"https:\/\/favortecoffee.com\/bayi\/wp-json\/wp\/v2\/types\/product"}],"replies":[{"embeddable":true,"href":"https:\/\/favortecoffee.com\/bayi\/wp-json\/wp\/v2\/comments?post=7050"}],"wp:featuredmedia":[{"embeddable":true,"href":"https:\/\/favortecoffee.com\/bayi\/wp-json\/wp\/v2\/media\/8791"}],"wp:attachment":[{"href":"https:\/\/favortecoffee.com\/bayi\/wp-json\/wp\/v2\/media?parent=7050"}],"wp:term":[{"taxonomy":"product_brand","embeddable":true,"href":"https:\/\/favortecoffee.com\/bayi\/wp-json\/wp\/v2\/product_brand?post=7050"},{"taxonomy":"product_cat","embeddable":true,"href":"https:\/\/favortecoffee.com\/bayi\/wp-json\/wp\/v2\/product_cat?post=7050"},{"taxonomy":"product_tag","embeddable":true,"href":"https:\/\/favortecoffee.com\/bayi\/wp-json\/wp\/v2\/product_tag?post=7050"}],"curies":[{"name":"wp","href":"https:\/\/api.w.org\/{rel}","templated":true}]}}