{"id":7029,"date":"2023-02-08T17:58:36","date_gmt":"2023-02-08T14:58:36","guid":{"rendered":"https:\/\/favortecoffee.com\/?post_type=product&#038;p=7029"},"modified":"2025-07-03T08:19:51","modified_gmt":"2025-07-03T05:19:51","slug":"apollo-singel-orgin-espresso","status":"publish","type":"product","link":"https:\/\/favortecoffee.com\/bayi\/urun\/apollo-singel-orgin-espresso\/","title":{"rendered":"Apollo Singel Orgin Espresso"},"content":{"rendered":"<p>%100 Arabica<\/p>\n<p>[1000g &#8211; 500g &#8211; 250g paketler halinde sat\u0131\u015fa sunulmaktad\u0131r.]<\/p>\n<p><img loading=\"lazy\" decoding=\"async\" class=\"alignnone size-medium wp-image-7168\" src=\"https:\/\/favortecoffee.com\/wp-content\/uploads\/2023\/02\/apollo-2-400x215.jpg\" alt=\"\" width=\"400\" height=\"215\" srcset=\"https:\/\/favortecoffee.com\/bayi\/wp-content\/uploads\/2023\/02\/apollo-2-400x215.jpg 400w, https:\/\/favortecoffee.com\/bayi\/wp-content\/uploads\/2023\/02\/apollo-2-430x231.jpg 430w, https:\/\/favortecoffee.com\/bayi\/wp-content\/uploads\/2023\/02\/apollo-2-150x80.jpg 150w, https:\/\/favortecoffee.com\/bayi\/wp-content\/uploads\/2023\/02\/apollo-2.jpg 602w\" sizes=\"auto, (max-width: 400px) 100vw, 400px\" \/><\/p>\n","protected":false},"excerpt":{"rendered":"<p>%100 Arabica<\/p>\n<p>[1000g &#8211; 500g &#8211; 250g kraft paket halinde sat\u0131\u015fa sunulmaktad\u0131r.]<\/p>\n<p><img loading=\"lazy\" decoding=\"async\" class=\"alignnone size-medium wp-image-7168\" src=\"https:\/\/favortecoffee.com\/wp-content\/uploads\/2023\/02\/apollo-2-400x215.jpg\" alt=\"\" width=\"400\" height=\"215\" srcset=\"https:\/\/favortecoffee.com\/bayi\/wp-content\/uploads\/2023\/02\/apollo-2-400x215.jpg 400w, https:\/\/favortecoffee.com\/bayi\/wp-content\/uploads\/2023\/02\/apollo-2-430x231.jpg 430w, https:\/\/favortecoffee.com\/bayi\/wp-content\/uploads\/2023\/02\/apollo-2-150x80.jpg 150w, https:\/\/favortecoffee.com\/bayi\/wp-content\/uploads\/2023\/02\/apollo-2.jpg 602w\" sizes=\"auto, (max-width: 400px) 100vw, 400px\" \/><\/p>\n<p>&nbsp;<\/p>\n","protected":false},"featured_media":8699,"comment_status":"open","ping_status":"closed","template":"","meta":[],"product_brand":[],"product_cat":[83,81],"product_tag":[],"class_list":{"0":"post-7029","1":"product","2":"type-product","3":"status-publish","4":"has-post-thumbnail","6":"product_cat-espresso","7":"product_cat-cekirdek-kahve","9":"first","10":"instock","11":"shipping-taxable","12":"purchasable","13":"product-type-variable"},"_links":{"self":[{"href":"https:\/\/favortecoffee.com\/bayi\/wp-json\/wp\/v2\/product\/7029","targetHints":{"allow":["GET"]}}],"collection":[{"href":"https:\/\/favortecoffee.com\/bayi\/wp-json\/wp\/v2\/product"}],"about":[{"href":"https:\/\/favortecoffee.com\/bayi\/wp-json\/wp\/v2\/types\/product"}],"replies":[{"embeddable":true,"href":"https:\/\/favortecoffee.com\/bayi\/wp-json\/wp\/v2\/comments?post=7029"}],"wp:featuredmedia":[{"embeddable":true,"href":"https:\/\/favortecoffee.com\/bayi\/wp-json\/wp\/v2\/media\/8699"}],"wp:attachment":[{"href":"https:\/\/favortecoffee.com\/bayi\/wp-json\/wp\/v2\/media?parent=7029"}],"wp:term":[{"taxonomy":"product_brand","embeddable":true,"href":"https:\/\/favortecoffee.com\/bayi\/wp-json\/wp\/v2\/product_brand?post=7029"},{"taxonomy":"product_cat","embeddable":true,"href":"https:\/\/favortecoffee.com\/bayi\/wp-json\/wp\/v2\/product_cat?post=7029"},{"taxonomy":"product_tag","embeddable":true,"href":"https:\/\/favortecoffee.com\/bayi\/wp-json\/wp\/v2\/product_tag?post=7029"}],"curies":[{"name":"wp","href":"https:\/\/api.w.org\/{rel}","templated":true}]}}