{"id":267,"date":"2017-06-21T08:08:52","date_gmt":"2017-06-21T05:08:52","guid":{"rendered":"http:\/\/dummy.xtemos.com\/woodmart\/?page_id=267"},"modified":"2023-09-20T09:12:43","modified_gmt":"2023-09-20T06:12:43","slug":"wishlist","status":"publish","type":"page","link":"https:\/\/favortecoffee.com\/bayi\/wishlist\/","title":{"rendered":"Favori Listesi"},"content":{"rendered":"\t\t\n\t\t\n\t\t<div class=\"\">\n\t\t\t\t\t\t<div class=\"wd-wishlist-content\">\n\t\t\t\t\t\t\t\t\t\t\t\n\t\t<p class=\"wd-empty-wishlist wd-empty-page\">\n\t\t\tFavori Listeniz Bo\u015f\t\t<\/p>\n\n\t\t\t\t\t<div class=\"wd-empty-page-text\">\n\t\t\t\t\u0130stek listenizde hen\u00fcz \u00fcr\u00fcn yok. <br> \"Ma\u011faza\" sayfam\u0131zda pek \u00e7ok ilgin\u00e7 \u00fcr\u00fcn bulacaks\u0131n\u0131z.\t\t\t<\/div>\n\t\t\n\t\t\n\t\t\t\t\t<p class=\"return-to-shop\">\n\t\t\t\t<a class=\"button\" href=\"https:\/\/favortecoffee.com\/bayi\/magaza\/\">\n\t\t\t\t\tAl\u0131\u015fveri\u015fe D\u00f6n\t\t\t\t<\/a>\n\t\t\t<\/p>\n\t\t\t\t\t\t\t\t\t\t\t<\/div>\n\t\t\t\t<\/div>\n\t\t\n","protected":false},"excerpt":{"rendered":"Favori Listeniz Bo\u015f \u0130stek listenizde hen\u00fcz \u00fcr\u00fcn yok. \"Ma\u011faza\" sayfam\u0131zda pek \u00e7ok ilgin\u00e7 \u00fcr\u00fcn bulacaks\u0131n\u0131z. Al\u0131\u015fveri\u015fe D\u00f6n","protected":false},"author":1,"featured_media":0,"parent":0,"menu_order":0,"comment_status":"closed","ping_status":"closed","template":"","meta":{"footnotes":""},"class_list":["post-267","page","type-page","status-publish","hentry"],"_links":{"self":[{"href":"https:\/\/favortecoffee.com\/bayi\/wp-json\/wp\/v2\/pages\/267","targetHints":{"allow":["GET"]}}],"collection":[{"href":"https:\/\/favortecoffee.com\/bayi\/wp-json\/wp\/v2\/pages"}],"about":[{"href":"https:\/\/favortecoffee.com\/bayi\/wp-json\/wp\/v2\/types\/page"}],"author":[{"embeddable":true,"href":"https:\/\/favortecoffee.com\/bayi\/wp-json\/wp\/v2\/users\/1"}],"replies":[{"embeddable":true,"href":"https:\/\/favortecoffee.com\/bayi\/wp-json\/wp\/v2\/comments?post=267"}],"version-history":[{"count":1,"href":"https:\/\/favortecoffee.com\/bayi\/wp-json\/wp\/v2\/pages\/267\/revisions"}],"predecessor-version":[{"id":7213,"href":"https:\/\/favortecoffee.com\/bayi\/wp-json\/wp\/v2\/pages\/267\/revisions\/7213"}],"wp:attachment":[{"href":"https:\/\/favortecoffee.com\/bayi\/wp-json\/wp\/v2\/media?parent=267"}],"curies":[{"name":"wp","href":"https:\/\/api.w.org\/{rel}","templated":true}]}}